{"id":892,"date":"2025-06-18T10:27:28","date_gmt":"2025-06-18T10:27:28","guid":{"rendered":"https:\/\/iskierka.pl\/ueber-uns\/"},"modified":"2025-06-23T13:03:55","modified_gmt":"2025-06-23T13:03:55","slug":"ueber-uns","status":"publish","type":"page","link":"https:\/\/iskierka.pl\/de\/ueber-uns\/","title":{"rendered":"\u00dcber uns"},"content":{"rendered":"\t\t<div data-elementor-type=\"wp-page\" data-elementor-id=\"892\" class=\"elementor elementor-892 elementor-17\" data-elementor-post-type=\"page\">\n\t\t\t\t<div class=\"elementor-element elementor-element-110aa31 e-flex e-con-boxed e-con e-parent\" data-id=\"110aa31\" data-element_type=\"container\" data-settings=\"{&quot;background_background&quot;:&quot;classic&quot;}\">\n\t\t\t\t\t<div class=\"e-con-inner\">\n\t\t\t\t<div class=\"elementor-element elementor-element-f96f631 elementor-invisible elementor-widget elementor-widget-heading\" data-id=\"f96f631\" data-element_type=\"widget\" data-settings=\"{&quot;_animation&quot;:&quot;fadeInUp&quot;}\" data-widget_type=\"heading.default\">\n\t\t\t\t<div class=\"elementor-widget-container\">\n\t\t\t\t\t<h2 class=\"elementor-heading-title elementor-size-default\">Seit 1993<\/h2>\t\t\t\t<\/div>\n\t\t\t\t<\/div>\n\t\t\t\t<div class=\"elementor-element elementor-element-e6fe64a elementor-invisible elementor-widget elementor-widget-heading\" data-id=\"e6fe64a\" data-element_type=\"widget\" data-settings=\"{&quot;_animation&quot;:&quot;fadeInUp&quot;}\" data-widget_type=\"heading.default\">\n\t\t\t\t<div class=\"elementor-widget-container\">\n\t\t\t\t\t<h3 class=\"elementor-heading-title elementor-size-default\">fertigen wir Stutzen und Socken f\u00fcr Aktive<\/h3>\t\t\t\t<\/div>\n\t\t\t\t<\/div>\n\t\t\t\t\t<\/div>\n\t\t\t\t<\/div>\n\t\t<div class=\"elementor-element elementor-element-f44b0e0 e-flex e-con-boxed e-con e-parent\" data-id=\"f44b0e0\" data-element_type=\"container\">\n\t\t\t\t\t<div class=\"e-con-inner\">\n\t\t<div class=\"elementor-element elementor-element-9d52954 e-con-full e-flex e-con e-child\" data-id=\"9d52954\" data-element_type=\"container\">\n\t\t\t\t<div class=\"elementor-element elementor-element-ce7607e elementor-widget elementor-widget-image\" data-id=\"ce7607e\" data-element_type=\"widget\" data-settings=\"{&quot;motion_fx_motion_fx_scrolling&quot;:&quot;yes&quot;,&quot;motion_fx_translateY_effect&quot;:&quot;yes&quot;,&quot;motion_fx_translateY_speed&quot;:{&quot;unit&quot;:&quot;px&quot;,&quot;size&quot;:1.1,&quot;sizes&quot;:[]},&quot;motion_fx_translateY_affectedRange&quot;:{&quot;unit&quot;:&quot;%&quot;,&quot;size&quot;:&quot;&quot;,&quot;sizes&quot;:{&quot;start&quot;:0,&quot;end&quot;:100}},&quot;motion_fx_devices&quot;:[&quot;desktop&quot;,&quot;tablet&quot;,&quot;mobile&quot;]}\" data-widget_type=\"image.default\">\n\t\t\t\t<div class=\"elementor-widget-container\">\n\t\t\t\t\t\t\t\t\t\t\t\t\t\t\t<img fetchpriority=\"high\" decoding=\"async\" width=\"800\" height=\"800\" src=\"https:\/\/iskierka.pl\/wp-content\/uploads\/2025\/06\/o-nas1.jpeg\" class=\"attachment-large size-large wp-image-752\" alt=\"\" srcset=\"https:\/\/iskierka.pl\/wp-content\/uploads\/2025\/06\/o-nas1.jpeg 1024w, https:\/\/iskierka.pl\/wp-content\/uploads\/2025\/06\/o-nas1-300x300.jpeg 300w, https:\/\/iskierka.pl\/wp-content\/uploads\/2025\/06\/o-nas1-150x150.jpeg 150w, https:\/\/iskierka.pl\/wp-content\/uploads\/2025\/06\/o-nas1-768x768.jpeg 768w\" sizes=\"(max-width: 800px) 100vw, 800px\" \/>\t\t\t\t\t\t\t\t\t\t\t\t\t\t\t<\/div>\n\t\t\t\t<\/div>\n\t\t\t\t<\/div>\n\t\t<div class=\"elementor-element elementor-element-ca51f4a e-con-full e-flex e-con e-child\" data-id=\"ca51f4a\" data-element_type=\"container\">\n\t\t\t\t<div class=\"elementor-element elementor-element-1335e3a elementor-widget elementor-widget-heading\" data-id=\"1335e3a\" data-element_type=\"widget\" data-widget_type=\"heading.default\">\n\t\t\t\t<div class=\"elementor-widget-container\">\n\t\t\t\t\t<h3 class=\"elementor-heading-title elementor-size-default\">Geschichte<\/h3>\t\t\t\t<\/div>\n\t\t\t\t<\/div>\n\t\t\t\t<div class=\"elementor-element elementor-element-f36d4d1 elementor-invisible elementor-widget elementor-widget-heading\" data-id=\"f36d4d1\" data-element_type=\"widget\" data-settings=\"{&quot;_animation&quot;:&quot;fadeInUp&quot;}\" data-widget_type=\"heading.default\">\n\t\t\t\t<div class=\"elementor-widget-container\">\n\t\t\t\t\t<h2 class=\"elementor-heading-title elementor-size-default\">Von der Stadt K\u0119ty zur Fu\u00dfballmeisterschaft EURO 2012<\/h2>\t\t\t\t<\/div>\n\t\t\t\t<\/div>\n\t\t\t\t<div class=\"elementor-element elementor-element-a227ec4 elementor-widget elementor-widget-text-editor\" data-id=\"a227ec4\" data-element_type=\"widget\" data-widget_type=\"text-editor.default\">\n\t\t\t\t<div class=\"elementor-widget-container\">\n\t\t\t\t\t\t\t\t\t<p>Erinnern Sie sich an originelle Fu\u00dfballstutzen f\u00fcr die Fu\u00dfball-Europameisterschaften EURO 2012? Wahrscheinlich wissen Sie aber nicht, dass sie in der Stadt K\u0119ty in der Firma Iskierka kreiert wurden. Unsere Erfahrung und unser Wissen stehen auch f\u00fcr die hohe Qualit\u00e4t der Marken, wie Umbro aus England oder Lotto aus Italien. Die Entw\u00fcrfe und die Fertigung von Socken bestellen bei uns nicht nur Kunden aus Polen, aber auch Unternehmen aus \u00fcber 15 Standorten in der ganzen Welt. F\u00fcr uns ist es am sch\u00f6nsten, dass unsere Kunden uns erneut besuchen und unser Know-how hoch zu sch\u00e4tzen wissen, das wir seit 1993 sammeln.    <\/p>\t\t\t\t\t\t\t\t<\/div>\n\t\t\t\t<\/div>\n\t\t\t\t<\/div>\n\t\t\t\t\t<\/div>\n\t\t\t\t<\/div>\n\t\t<div class=\"elementor-element elementor-element-6ec2d52 e-flex e-con-boxed e-con e-parent\" data-id=\"6ec2d52\" data-element_type=\"container\" data-settings=\"{&quot;background_background&quot;:&quot;classic&quot;}\">\n\t\t\t\t\t<div class=\"e-con-inner\">\n\t\t<div class=\"elementor-element elementor-element-da63516 e-con-full e-flex e-con e-child\" data-id=\"da63516\" data-element_type=\"container\">\n\t\t\t\t<div class=\"elementor-element elementor-element-5474f61 elementor-widget elementor-widget-heading\" data-id=\"5474f61\" data-element_type=\"widget\" data-widget_type=\"heading.default\">\n\t\t\t\t<div class=\"elementor-widget-container\">\n\t\t\t\t\t<h3 class=\"elementor-heading-title elementor-size-default\">Technologie<\/h3>\t\t\t\t<\/div>\n\t\t\t\t<\/div>\n\t\t\t\t<div class=\"elementor-element elementor-element-5524b71 elementor-invisible elementor-widget elementor-widget-heading\" data-id=\"5524b71\" data-element_type=\"widget\" data-settings=\"{&quot;_animation&quot;:&quot;fadeInUp&quot;}\" data-widget_type=\"heading.default\">\n\t\t\t\t<div class=\"elementor-widget-container\">\n\t\t\t\t\t<h2 class=\"elementor-heading-title elementor-size-default\">Kreativit\u00e4t mit der neuesten Technologie gekoppelt<\/h2>\t\t\t\t<\/div>\n\t\t\t\t<\/div>\n\t\t\t\t<div class=\"elementor-element elementor-element-1867733 elementor-widget elementor-widget-text-editor\" data-id=\"1867733\" data-element_type=\"widget\" data-widget_type=\"text-editor.default\">\n\t\t\t\t<div class=\"elementor-widget-container\">\n\t\t\t\t\t\t\t\t\t<p>Das Herz unseres Unternehmens ist das Studio f\u00fcr unsere Grafikdesigner und die Produktionshalle mit Maschinen. Im Studio verwandeln die Designer die Erwartungen der Kunden in einzigartige, \u00e4sthetisch einwandfreie Produkte. In der Halle arbeiten Dutzende von Maschinen rund um die Uhr, und unser Fachpersonal sorgt daf\u00fcr, dass der Maschinenpark die bis zum letzten Faden gefertigten Socken und Stutzen liefert.  <\/p>\t\t\t\t\t\t\t\t<\/div>\n\t\t\t\t<\/div>\n\t\t\t\t<\/div>\n\t\t<div class=\"elementor-element elementor-element-fa81000 e-con-full e-flex e-con e-child\" data-id=\"fa81000\" data-element_type=\"container\">\n\t\t\t\t<div class=\"elementor-element elementor-element-9e0c3d3 elementor-widget elementor-widget-image\" data-id=\"9e0c3d3\" data-element_type=\"widget\" data-settings=\"{&quot;motion_fx_motion_fx_scrolling&quot;:&quot;yes&quot;,&quot;motion_fx_translateY_effect&quot;:&quot;yes&quot;,&quot;motion_fx_translateY_speed&quot;:{&quot;unit&quot;:&quot;px&quot;,&quot;size&quot;:1.1,&quot;sizes&quot;:[]},&quot;motion_fx_translateY_affectedRange&quot;:{&quot;unit&quot;:&quot;%&quot;,&quot;size&quot;:&quot;&quot;,&quot;sizes&quot;:{&quot;start&quot;:0,&quot;end&quot;:100}},&quot;motion_fx_devices&quot;:[&quot;desktop&quot;,&quot;tablet&quot;,&quot;mobile&quot;]}\" data-widget_type=\"image.default\">\n\t\t\t\t<div class=\"elementor-widget-container\">\n\t\t\t\t\t\t\t\t\t\t\t\t\t\t\t<img decoding=\"async\" width=\"800\" height=\"802\" src=\"https:\/\/iskierka.pl\/wp-content\/uploads\/2025\/06\/o-nas2-1021x1024.jpeg\" class=\"attachment-large size-large wp-image-755\" alt=\"\" srcset=\"https:\/\/iskierka.pl\/wp-content\/uploads\/2025\/06\/o-nas2-1021x1024.jpeg 1021w, https:\/\/iskierka.pl\/wp-content\/uploads\/2025\/06\/o-nas2-300x300.jpeg 300w, https:\/\/iskierka.pl\/wp-content\/uploads\/2025\/06\/o-nas2-150x150.jpeg 150w, https:\/\/iskierka.pl\/wp-content\/uploads\/2025\/06\/o-nas2-768x770.jpeg 768w, https:\/\/iskierka.pl\/wp-content\/uploads\/2025\/06\/o-nas2.jpeg 1024w\" sizes=\"(max-width: 800px) 100vw, 800px\" \/>\t\t\t\t\t\t\t\t\t\t\t\t\t\t\t<\/div>\n\t\t\t\t<\/div>\n\t\t\t\t<\/div>\n\t\t\t\t\t<\/div>\n\t\t\t\t<\/div>\n\t\t<div class=\"elementor-element elementor-element-d48ea1b e-flex e-con-boxed e-con e-parent\" data-id=\"d48ea1b\" data-element_type=\"container\">\n\t\t\t\t\t<div class=\"e-con-inner\">\n\t\t<div class=\"elementor-element elementor-element-03c5473 e-con-full e-flex e-con e-child\" data-id=\"03c5473\" data-element_type=\"container\">\n\t\t\t\t<\/div>\n\t\t<div class=\"elementor-element elementor-element-8162b4c e-con-full e-flex e-con e-child\" data-id=\"8162b4c\" data-element_type=\"container\" data-settings=\"{&quot;background_background&quot;:&quot;classic&quot;}\">\n\t\t\t\t<div class=\"elementor-element elementor-element-5dd9404 elementor-blockquote--skin-quotation elementor-blockquote--button-view-text elementor-blockquote--button-skin-link elementor-blockquote--button-color-official elementor-widget elementor-widget-blockquote\" data-id=\"5dd9404\" data-element_type=\"widget\" data-widget_type=\"blockquote.default\">\n\t\t\t\t<div class=\"elementor-widget-container\">\n\t\t\t\t\t\t\t<blockquote class=\"elementor-blockquote\">\n\t\t\t<p class=\"elementor-blockquote__content\">\n\t\t\t\tBei Iskierka verbinden wir Tradition und Achtung f\u00fcr die h\u00f6chste Qualit\u00e4t mit dem modernen Maschinenpark und einer flexiblen Einstellung zum Kunden zusammen. Seit \u00fcber 20 Jahren h\u00f6ren wir den Sportlern aufmerksam zu, die unterschiedliche Sportdisziplinen treiben, und zugleich sind wir f\u00fcr variierende Erwartungen des Marktes und der Verbraucher offen. Seit mehreren Jahren arbeiten wir mit Hochschulen im Bereich der Untersuchungen von modernen L\u00f6sungen zusammen, und zurzeit arbeiten wir am Projekt \u00fcber Socken f\u00fcr Diabetiker.  \t\t\t<\/p>\n\t\t\t\t\t\t\t<div class=\"e-q-footer\">\n\t\t\t\t\t\t\t\t\t\t\t<cite class=\"elementor-blockquote__author\">Zofia Iskierka <\/cite>\n\t\t\t\t\t\t\t\t\t\t\t\t\t\t\t\t<a href=\"https:\/\/twitter.com\/intent\/tweet?text=Bei+Iskierka+verbinden+wir+Tradition+und+Achtung+f%C3%BCr+die+h%C3%B6chste+Qualit%C3%A4t+mit+dem+modernen+Maschinenpark+und+einer+flexiblen+Einstellung+zum+Kunden+zusammen.+Seit+%C3%BCber+20+Jahren+h%C3%B6ren+wir+den+Sportlern+aufmerksam+zu%2C+die+unterschiedliche+Sportdisziplinen+treiben%2C+und+zugleich+sind+wir+f%C3%BCr+variierende+Erwartungen+des+Marktes+und+der+Verbraucher+offen.+Seit+mehreren+Jahren+arbeiten+wir+mit+Hochschulen+im+Bereich+der+Untersuchungen+von+modernen+L%C3%B6sungen+zusammen%2C+und+zurzeit+arbeiten+wir+am+Projekt+%C3%BCber+Socken+f%C3%BCr+Diabetiker.+++%E2%80%94+Zofia+Iskierka+&amp;url=https%3A%2F%2Fiskierka.pl%2Fde%2F%2Fde%2Fueber-uns%2F\" class=\"elementor-blockquote__tweet-button\" target=\"_blank\">\n\t\t\t\t\t\t\t\t\t\t\t\t\t\t\t\t\t\t\t\t\t\t<span class=\"elementor-blockquote__tweet-label\"><\/span>\n\t\t\t\t\t\t\t\t\t\t\t\t\t<\/a>\n\t\t\t\t\t\t\t\t\t<\/div>\n\t\t\t\t\t<\/blockquote>\n\t\t\t\t\t\t<\/div>\n\t\t\t\t<\/div>\n\t\t\t\t<\/div>\n\t\t<div class=\"elementor-element elementor-element-1cb3c14 e-con-full e-flex e-con e-child\" data-id=\"1cb3c14\" data-element_type=\"container\">\n\t\t\t\t<\/div>\n\t\t\t\t\t<\/div>\n\t\t\t\t<\/div>\n\t\t<div class=\"elementor-element elementor-element-c7e0774 e-flex e-con-boxed e-con e-parent\" data-id=\"c7e0774\" data-element_type=\"container\" data-settings=\"{&quot;background_background&quot;:&quot;classic&quot;,&quot;shape_divider_top&quot;:&quot;wave-brush&quot;}\">\n\t\t\t\t\t<div class=\"e-con-inner\">\n\t\t\t\t<div class=\"elementor-shape elementor-shape-top\" aria-hidden=\"true\" data-negative=\"false\">\n\t\t\t<svg xmlns=\"http:\/\/www.w3.org\/2000\/svg\" viewBox=\"0 0 283.5 27.8\" preserveAspectRatio=\"none\">\n\t<path class=\"elementor-shape-fill\" d=\"M283.5,9.7c0,0-7.3,4.3-14,4.6c-6.8,0.3-12.6,0-20.9-1.5c-11.3-2-33.1-10.1-44.7-5.7\ts-12.1,4.6-18,7.4c-6.6,3.2-20,9.6-36.6,9.3C131.6,23.5,99.5,7.2,86.3,8c-1.4,0.1-6.6,0.8-10.5,2c-3.8,1.2-9.4,3.8-17,4.7\tc-3.2,0.4-8.3,1.1-14.2,0.9c-1.5-0.1-6.3-0.4-12-1.6c-5.7-1.2-11-3.1-15.8-3.7C6.5,9.2,0,10.8,0,10.8V0h283.5V9.7z M260.8,11.3\tc-0.7-1-2-0.4-4.3-0.4c-2.3,0-6.1-1.2-5.8-1.1c0.3,0.1,3.1,1.5,6,1.9C259.7,12.2,261.4,12.3,260.8,11.3z M242.4,8.6\tc0,0-2.4-0.2-5.6-0.9c-3.2-0.8-10.3-2.8-15.1-3.5c-8.2-1.1-15.8,0-15.1,0.1c0.8,0.1,9.6-0.6,17.6,1.1c3.3,0.7,9.3,2.2,12.4,2.7\tC239.9,8.7,242.4,8.6,242.4,8.6z M185.2,8.5c1.7-0.7-13.3,4.7-18.5,6.1c-2.1,0.6-6.2,1.6-10,2c-3.9,0.4-8.9,0.4-8.8,0.5\tc0,0.2,5.8,0.8,11.2,0c5.4-0.8,5.2-1.1,7.6-1.6C170.5,14.7,183.5,9.2,185.2,8.5z M199.1,6.9c0.2,0-0.8-0.4-4.8,1.1\tc-4,1.5-6.7,3.5-6.9,3.7c-0.2,0.1,3.5-1.8,6.6-3C197,7.5,199,6.9,199.1,6.9z M283,6c-0.1,0.1-1.9,1.1-4.8,2.5s-6.9,2.8-6.7,2.7\tc0.2,0,3.5-0.6,7.4-2.5C282.8,6.8,283.1,5.9,283,6z M31.3,11.6c0.1-0.2-1.9-0.2-4.5-1.2s-5.4-1.6-7.8-2C15,7.6,7.3,8.5,7.7,8.6\tC8,8.7,15.9,8.3,20.2,9.3c2.2,0.5,2.4,0.5,5.7,1.6S31.2,11.9,31.3,11.6z M73,9.2c0.4-0.1,3.5-1.6,8.4-2.6c4.9-1.1,8.9-0.5,8.9-0.8\tc0-0.3-1-0.9-6.2-0.3S72.6,9.3,73,9.2z M71.6,6.7C71.8,6.8,75,5.4,77.3,5c2.3-0.3,1.9-0.5,1.9-0.6c0-0.1-1.1-0.2-2.7,0.2\tC74.8,5.1,71.4,6.6,71.6,6.7z M93.6,4.4c0.1,0.2,3.5,0.8,5.6,1.8c2.1,1,1.8,0.6,1.9,0.5c0.1-0.1-0.8-0.8-2.4-1.3\tC97.1,4.8,93.5,4.2,93.6,4.4z M65.4,11.1c-0.1,0.3,0.3,0.5,1.9-0.2s2.6-1.3,2.2-1.2s-0.9,0.4-2.5,0.8C65.3,10.9,65.5,10.8,65.4,11.1\tz M34.5,12.4c-0.2,0,2.1,0.8,3.3,0.9c1.2,0.1,2,0.1,2-0.2c0-0.3-0.1-0.5-1.6-0.4C36.6,12.8,34.7,12.4,34.5,12.4z M152.2,21.1\tc-0.1,0.1-2.4-0.3-7.5-0.3c-5,0-13.6-2.4-17.2-3.5c-3.6-1.1,10,3.9,16.5,4.1C150.5,21.6,152.3,21,152.2,21.1z\"\/>\n\t<path class=\"elementor-shape-fill\" d=\"M269.6,18c-0.1-0.1-4.6,0.3-7.2,0c-7.3-0.7-17-3.2-16.6-2.9c0.4,0.3,13.7,3.1,17,3.3\tC267.7,18.8,269.7,18,269.6,18z\"\/>\n\t<path class=\"elementor-shape-fill\" d=\"M227.4,9.8c-0.2-0.1-4.5-1-9.5-1.2c-5-0.2-12.7,0.6-12.3,0.5c0.3-0.1,5.9-1.8,13.3-1.2\tS227.6,9.9,227.4,9.8z\"\/>\n\t<path class=\"elementor-shape-fill\" d=\"M204.5,13.4c-0.1-0.1,2-1,3.2-1.1c1.2-0.1,2,0,2,0.3c0,0.3-0.1,0.5-1.6,0.4\tC206.4,12.9,204.6,13.5,204.5,13.4z\"\/>\n\t<path class=\"elementor-shape-fill\" d=\"M201,10.6c0-0.1-4.4,1.2-6.3,2.2c-1.9,0.9-6.2,3.1-6.1,3.1c0.1,0.1,4.2-1.6,6.3-2.6\tS201,10.7,201,10.6z\"\/>\n\t<path class=\"elementor-shape-fill\" d=\"M154.5,26.7c-0.1-0.1-4.6,0.3-7.2,0c-7.3-0.7-17-3.2-16.6-2.9c0.4,0.3,13.7,3.1,17,3.3\tC152.6,27.5,154.6,26.8,154.5,26.7z\"\/>\n\t<path class=\"elementor-shape-fill\" d=\"M41.9,19.3c0,0,1.2-0.3,2.9-0.1c1.7,0.2,5.8,0.9,8.2,0.7c4.2-0.4,7.4-2.7,7-2.6\tc-0.4,0-4.3,2.2-8.6,1.9c-1.8-0.1-5.1-0.5-6.7-0.4S41.9,19.3,41.9,19.3z\"\/>\n\t<path class=\"elementor-shape-fill\" d=\"M75.5,12.6c0.2,0.1,2-0.8,4.3-1.1c2.3-0.2,2.1-0.3,2.1-0.5c0-0.1-1.8-0.4-3.4,0\tC76.9,11.5,75.3,12.5,75.5,12.6z\"\/>\n\t<path class=\"elementor-shape-fill\" d=\"M15.6,13.2c0-0.1,4.3,0,6.7,0.5c2.4,0.5,5,1.9,5,2c0,0.1-2.7-0.8-5.1-1.4\tC19.9,13.7,15.7,13.3,15.6,13.2z\"\/>\n<\/svg>\t\t<\/div>\n\t\t\t\t<div class=\"elementor-element elementor-element-c92dec8 elementor-widget elementor-widget-spacer\" data-id=\"c92dec8\" data-element_type=\"widget\" data-widget_type=\"spacer.default\">\n\t\t\t\t<div class=\"elementor-widget-container\">\n\t\t\t\t\t\t\t<div class=\"elementor-spacer\">\n\t\t\t<div class=\"elementor-spacer-inner\"><\/div>\n\t\t<\/div>\n\t\t\t\t\t\t<\/div>\n\t\t\t\t<\/div>\n\t\t\t\t\t<\/div>\n\t\t\t\t<\/div>\n\t\t<div class=\"elementor-element elementor-element-17b64c7 e-flex e-con-boxed e-con e-parent\" data-id=\"17b64c7\" data-element_type=\"container\">\n\t\t\t\t\t<div class=\"e-con-inner\">\n\t\t<div class=\"elementor-element elementor-element-b6d3a89 e-con-full e-flex e-con e-child\" data-id=\"b6d3a89\" data-element_type=\"container\" data-settings=\"{&quot;background_background&quot;:&quot;classic&quot;}\">\n\t\t\t\t<div class=\"elementor-element elementor-element-78b9b5a elementor-widget elementor-widget-image\" data-id=\"78b9b5a\" data-element_type=\"widget\" data-widget_type=\"image.default\">\n\t\t\t\t<div class=\"elementor-widget-container\">\n\t\t\t\t\t\t\t\t\t\t\t\t\t\t\t<img decoding=\"async\" width=\"256\" height=\"256\" src=\"https:\/\/iskierka.pl\/wp-content\/uploads\/2025\/06\/YXNzZXRzL2ljb25zL29mZXJ0YS5wbmc.webp\" class=\"attachment-large size-large wp-image-761\" alt=\"\" srcset=\"https:\/\/iskierka.pl\/wp-content\/uploads\/2025\/06\/YXNzZXRzL2ljb25zL29mZXJ0YS5wbmc.webp 256w, https:\/\/iskierka.pl\/wp-content\/uploads\/2025\/06\/YXNzZXRzL2ljb25zL29mZXJ0YS5wbmc-150x150.webp 150w\" sizes=\"(max-width: 256px) 100vw, 256px\" \/>\t\t\t\t\t\t\t\t\t\t\t\t\t\t\t<\/div>\n\t\t\t\t<\/div>\n\t\t\t\t<div class=\"elementor-element elementor-element-6e37bc3 elementor-invisible elementor-widget elementor-widget-heading\" data-id=\"6e37bc3\" data-element_type=\"widget\" data-settings=\"{&quot;_animation&quot;:&quot;fadeInUp&quot;}\" data-widget_type=\"heading.default\">\n\t\t\t\t<div class=\"elementor-widget-container\">\n\t\t\t\t\t<h3 class=\"elementor-heading-title elementor-size-default\">Ma\u00dfgeschneiderte Angebote<\/h3>\t\t\t\t<\/div>\n\t\t\t\t<\/div>\n\t\t\t\t<div class=\"elementor-element elementor-element-c66a106 elementor-widget elementor-widget-text-editor\" data-id=\"c66a106\" data-element_type=\"widget\" data-widget_type=\"text-editor.default\">\n\t\t\t\t<div class=\"elementor-widget-container\">\n\t\t\t\t\t\t\t\t\t<p>Kundenw\u00fcnsche sind dazu, um sie zu erf\u00fcllen. Bei Iskierka k\u00f6nnen wir f\u00fcr Sie Stutzen in der gew\u00fcnschten Farbe und mit der entsprechenden Kennzeichnung vorbereiten. Neben einer gro\u00dfen Farbpalette f\u00fcr Garn bieten wir auch die M\u00f6glichkeit, es entsprechend dem Kundenauftrag zu f\u00e4rben.  <\/p>\t\t\t\t\t\t\t\t<\/div>\n\t\t\t\t<\/div>\n\t\t\t\t<\/div>\n\t\t<div class=\"elementor-element elementor-element-d974a94 e-con-full e-flex e-con e-child\" data-id=\"d974a94\" data-element_type=\"container\" data-settings=\"{&quot;background_background&quot;:&quot;classic&quot;}\">\n\t\t\t\t<div class=\"elementor-element elementor-element-07eb00e elementor-widget elementor-widget-image\" data-id=\"07eb00e\" data-element_type=\"widget\" data-widget_type=\"image.default\">\n\t\t\t\t<div class=\"elementor-widget-container\">\n\t\t\t\t\t\t\t\t\t\t\t\t\t\t\t<img loading=\"lazy\" decoding=\"async\" width=\"256\" height=\"256\" src=\"https:\/\/iskierka.pl\/wp-content\/uploads\/2025\/06\/YXNzZXRzL2ljb25zL3N6eWJrYS5wbmc.webp\" class=\"attachment-large size-large wp-image-764\" alt=\"\" srcset=\"https:\/\/iskierka.pl\/wp-content\/uploads\/2025\/06\/YXNzZXRzL2ljb25zL3N6eWJrYS5wbmc.webp 256w, https:\/\/iskierka.pl\/wp-content\/uploads\/2025\/06\/YXNzZXRzL2ljb25zL3N6eWJrYS5wbmc-150x150.webp 150w\" sizes=\"(max-width: 256px) 100vw, 256px\" \/>\t\t\t\t\t\t\t\t\t\t\t\t\t\t\t<\/div>\n\t\t\t\t<\/div>\n\t\t\t\t<div class=\"elementor-element elementor-element-8224461 elementor-invisible elementor-widget elementor-widget-heading\" data-id=\"8224461\" data-element_type=\"widget\" data-settings=\"{&quot;_animation&quot;:&quot;fadeInUp&quot;}\" data-widget_type=\"heading.default\">\n\t\t\t\t<div class=\"elementor-widget-container\">\n\t\t\t\t\t<h3 class=\"elementor-heading-title elementor-size-default\">Schnelle Auftragsabwicklung<\/h3>\t\t\t\t<\/div>\n\t\t\t\t<\/div>\n\t\t\t\t<div class=\"elementor-element elementor-element-dde017c elementor-widget elementor-widget-text-editor\" data-id=\"dde017c\" data-element_type=\"widget\" data-widget_type=\"text-editor.default\">\n\t\t\t\t<div class=\"elementor-widget-container\">\n\t\t\t\t\t\t\t\t\t<p>Wir handeln schnell und effektiv. Wir rangieren an der Spitze, wenn es um unsere Kapazit\u00e4ten geht: pro Woche k\u00f6nnen wir 17 000 Par Stutzen fertigen. <\/p>\t\t\t\t\t\t\t\t<\/div>\n\t\t\t\t<\/div>\n\t\t\t\t<\/div>\n\t\t<div class=\"elementor-element elementor-element-b47e25f e-con-full e-flex e-con e-child\" data-id=\"b47e25f\" data-element_type=\"container\" data-settings=\"{&quot;background_background&quot;:&quot;classic&quot;}\">\n\t\t\t\t<div class=\"elementor-element elementor-element-2c8b456 elementor-widget elementor-widget-image\" data-id=\"2c8b456\" data-element_type=\"widget\" data-widget_type=\"image.default\">\n\t\t\t\t<div class=\"elementor-widget-container\">\n\t\t\t\t\t\t\t\t\t\t\t\t\t\t\t<img loading=\"lazy\" decoding=\"async\" width=\"256\" height=\"256\" src=\"https:\/\/iskierka.pl\/wp-content\/uploads\/2025\/06\/YXNzZXRzL2ljb25zL3N1cm93Y2UucG5n.webp\" class=\"attachment-large size-large wp-image-767\" alt=\"\" srcset=\"https:\/\/iskierka.pl\/wp-content\/uploads\/2025\/06\/YXNzZXRzL2ljb25zL3N1cm93Y2UucG5n.webp 256w, https:\/\/iskierka.pl\/wp-content\/uploads\/2025\/06\/YXNzZXRzL2ljb25zL3N1cm93Y2UucG5n-150x150.webp 150w\" sizes=\"(max-width: 256px) 100vw, 256px\" \/>\t\t\t\t\t\t\t\t\t\t\t\t\t\t\t<\/div>\n\t\t\t\t<\/div>\n\t\t\t\t<div class=\"elementor-element elementor-element-6dcf3e1 elementor-invisible elementor-widget elementor-widget-heading\" data-id=\"6dcf3e1\" data-element_type=\"widget\" data-settings=\"{&quot;_animation&quot;:&quot;fadeInUp&quot;}\" data-widget_type=\"heading.default\">\n\t\t\t\t<div class=\"elementor-widget-container\">\n\t\t\t\t\t<h3 class=\"elementor-heading-title elementor-size-default\">Nur beste Materialien<\/h3>\t\t\t\t<\/div>\n\t\t\t\t<\/div>\n\t\t\t\t<div class=\"elementor-element elementor-element-2c10292 elementor-widget elementor-widget-text-editor\" data-id=\"2c10292\" data-element_type=\"widget\" data-widget_type=\"text-editor.default\">\n\t\t\t\t<div class=\"elementor-widget-container\">\n\t\t\t\t\t\t\t\t\t<p>Wir kennen keine Kompromisse, wenn es um die Qualit\u00e4t geht. Die Socken fertigen wir aus erstklassigen Materialien, die wir von zuverl\u00e4ssigen europ\u00e4ischen Lieferanten beziehen, und verwenden Fachgarne, die antibakteriell und pilzhemmend wirken. <\/p>\t\t\t\t\t\t\t\t<\/div>\n\t\t\t\t<\/div>\n\t\t\t\t<\/div>\n\t\t\t\t\t<\/div>\n\t\t\t\t<\/div>\n\t\t\t\t<\/div>\n\t\t","protected":false},"excerpt":{"rendered":"<p>Seit 1993 fertigen wir Stutzen und Socken f\u00fcr Aktive Geschichte Von der Stadt K\u0119ty zur Fu\u00dfballmeisterschaft EURO 2012 Erinnern Sie sich an originelle Fu\u00dfballstutzen f\u00fcr die Fu\u00dfball-Europameisterschaften EURO 2012? Wahrscheinlich wissen Sie aber nicht, dass sie in der Stadt K\u0119ty in der Firma Iskierka kreiert wurden. Unsere Erfahrung und unser Wissen stehen auch f\u00fcr die [&hellip;]<\/p>\n","protected":false},"author":1,"featured_media":0,"parent":0,"menu_order":0,"comment_status":"closed","ping_status":"closed","template":"elementor_header_footer","meta":{"_monsterinsights_skip_tracking":false,"_monsterinsights_sitenote_active":false,"_monsterinsights_sitenote_note":"","_monsterinsights_sitenote_category":0,"footnotes":""},"class_list":["post-892","page","type-page","status-publish","hentry"],"_links":{"self":[{"href":"https:\/\/iskierka.pl\/de\/wp-json\/wp\/v2\/pages\/892","targetHints":{"allow":["GET"]}}],"collection":[{"href":"https:\/\/iskierka.pl\/de\/wp-json\/wp\/v2\/pages"}],"about":[{"href":"https:\/\/iskierka.pl\/de\/wp-json\/wp\/v2\/types\/page"}],"author":[{"embeddable":true,"href":"https:\/\/iskierka.pl\/de\/wp-json\/wp\/v2\/users\/1"}],"replies":[{"embeddable":true,"href":"https:\/\/iskierka.pl\/de\/wp-json\/wp\/v2\/comments?post=892"}],"version-history":[{"count":1,"href":"https:\/\/iskierka.pl\/de\/wp-json\/wp\/v2\/pages\/892\/revisions"}],"predecessor-version":[{"id":893,"href":"https:\/\/iskierka.pl\/de\/wp-json\/wp\/v2\/pages\/892\/revisions\/893"}],"wp:attachment":[{"href":"https:\/\/iskierka.pl\/de\/wp-json\/wp\/v2\/media?parent=892"}],"curies":[{"name":"wp","href":"https:\/\/api.w.org\/{rel}","templated":true}]}}