{"id":898,"date":"2025-06-20T08:51:05","date_gmt":"2025-06-20T08:51:05","guid":{"rendered":"https:\/\/iskierka.pl\/personalisierung\/"},"modified":"2025-06-23T13:14:32","modified_gmt":"2025-06-23T13:14:32","slug":"personalisierung","status":"publish","type":"page","link":"https:\/\/iskierka.pl\/de\/personalisierung\/","title":{"rendered":"Personalisierung"},"content":{"rendered":"\t\t<div data-elementor-type=\"wp-page\" data-elementor-id=\"898\" class=\"elementor elementor-898 elementor-339\" data-elementor-post-type=\"page\">\n\t\t\t\t<div class=\"elementor-element elementor-element-4141e42e e-flex e-con-boxed e-con e-parent\" data-id=\"4141e42e\" data-element_type=\"container\" data-settings=\"{&quot;background_background&quot;:&quot;classic&quot;}\">\n\t\t\t\t\t<div class=\"e-con-inner\">\n\t\t<div class=\"elementor-element elementor-element-7b814052 e-con-full e-flex e-con e-child\" data-id=\"7b814052\" data-element_type=\"container\">\n\t\t\t\t<div class=\"elementor-element elementor-element-38450d32 elementor-widget elementor-widget-heading\" data-id=\"38450d32\" data-element_type=\"widget\" data-widget_type=\"heading.default\">\n\t\t\t\t<div class=\"elementor-widget-container\">\n\t\t\t\t\t<h2 class=\"elementor-heading-title elementor-size-default\">Personalisierung<\/h2>\t\t\t\t<\/div>\n\t\t\t\t<\/div>\n\t\t\t\t<\/div>\n\t\t<div class=\"elementor-element elementor-element-67ec9fe1 e-con-full e-flex e-con e-child\" data-id=\"67ec9fe1\" data-element_type=\"container\">\n\t\t\t\t<div class=\"elementor-element elementor-element-6957a902 elementor-widget elementor-widget-heading\" data-id=\"6957a902\" data-element_type=\"widget\" data-widget_type=\"heading.default\">\n\t\t\t\t<div class=\"elementor-widget-container\">\n\t\t\t\t\t<h3 class=\"elementor-heading-title elementor-size-default\">Iskierka - Genauso, wie Sie es brauchen<\/h3>\t\t\t\t<\/div>\n\t\t\t\t<\/div>\n\t\t\t\t<div class=\"elementor-element elementor-element-76becb7c elementor-widget elementor-widget-text-editor\" data-id=\"76becb7c\" data-element_type=\"widget\" data-widget_type=\"text-editor.default\">\n\t\t\t\t<div class=\"elementor-widget-container\">\n\t\t\t\t\t\t\t\t\tWir produzieren Stutzen und Sportsocken f\u00fcr Sportvereine, Sportakademien, Bekleidungsmarken, Ketten von Sportfachh\u00e4ndlern, Schulen, in denen Uniformen getragen werden, auch f\u00fcr Firmen, die nach ungew\u00f6hnlichen Werbegadgets suchen. Darauf k\u00f6nnen wir Ihr Logo oder ein anderes Zeichen in einer Sonderform bzw. Sondergr\u00f6\u00dfe unterbringen. Zur Verf\u00fcgung steht uns eine reichhaltige Farbpalette bei Garnen, die wir verwenden. \u00dcberdies f\u00e4rben wir auch Garne nach dem Kundenauftrag. Bei uns werden Auftr\u00e4ge bereits ab 100 Paar pro Farbvariante abgewickelt.   \t\t\t\t\t\t\t\t<\/div>\n\t\t\t\t<\/div>\n\t\t\t\t<\/div>\n\t\t\t\t\t<\/div>\n\t\t\t\t<\/div>\n\t\t<div class=\"elementor-element elementor-element-218c5138 e-flex e-con-boxed e-con e-parent\" data-id=\"218c5138\" data-element_type=\"container\">\n\t\t\t\t\t<div class=\"e-con-inner\">\n\t\t<div class=\"elementor-element elementor-element-16ba0790 e-con-full e-flex e-con e-child\" data-id=\"16ba0790\" data-element_type=\"container\">\n\t\t\t\t<div class=\"elementor-element elementor-element-7e518cb7 elementor-widget elementor-widget-image\" data-id=\"7e518cb7\" data-element_type=\"widget\" data-settings=\"{&quot;motion_fx_motion_fx_scrolling&quot;:&quot;yes&quot;,&quot;motion_fx_translateY_effect&quot;:&quot;yes&quot;,&quot;motion_fx_translateY_speed&quot;:{&quot;unit&quot;:&quot;px&quot;,&quot;size&quot;:1.1,&quot;sizes&quot;:[]},&quot;motion_fx_translateY_affectedRange&quot;:{&quot;unit&quot;:&quot;%&quot;,&quot;size&quot;:&quot;&quot;,&quot;sizes&quot;:{&quot;start&quot;:0,&quot;end&quot;:100}},&quot;motion_fx_devices&quot;:[&quot;desktop&quot;,&quot;tablet&quot;,&quot;mobile&quot;]}\" data-widget_type=\"image.default\">\n\t\t\t\t<div class=\"elementor-widget-container\">\n\t\t\t\t\t\t\t\t\t\t\t\t\t\t\t<img fetchpriority=\"high\" decoding=\"async\" width=\"800\" height=\"798\" src=\"https:\/\/iskierka.pl\/wp-content\/uploads\/2025\/06\/personalizacja1-1024x1022.jpeg\" class=\"attachment-large size-large wp-image-770\" alt=\"\" srcset=\"https:\/\/iskierka.pl\/wp-content\/uploads\/2025\/06\/personalizacja1-1024x1022.jpeg 1024w, https:\/\/iskierka.pl\/wp-content\/uploads\/2025\/06\/personalizacja1-300x300.jpeg 300w, https:\/\/iskierka.pl\/wp-content\/uploads\/2025\/06\/personalizacja1-150x150.jpeg 150w, https:\/\/iskierka.pl\/wp-content\/uploads\/2025\/06\/personalizacja1-768x767.jpeg 768w, https:\/\/iskierka.pl\/wp-content\/uploads\/2025\/06\/personalizacja1.jpeg 1026w\" sizes=\"(max-width: 800px) 100vw, 800px\" \/>\t\t\t\t\t\t\t\t\t\t\t\t\t\t\t<\/div>\n\t\t\t\t<\/div>\n\t\t\t\t<\/div>\n\t\t<div class=\"elementor-element elementor-element-77f99263 e-con-full e-flex e-con e-child\" data-id=\"77f99263\" data-element_type=\"container\">\n\t\t\t\t<div class=\"elementor-element elementor-element-5410a54e elementor-invisible elementor-widget elementor-widget-heading\" data-id=\"5410a54e\" data-element_type=\"widget\" data-settings=\"{&quot;_animation&quot;:&quot;fadeInUp&quot;}\" data-widget_type=\"heading.default\">\n\t\t\t\t<div class=\"elementor-widget-container\">\n\t\t\t\t\t<h2 class=\"elementor-heading-title elementor-size-default\">Fortgeschrittene technische Materialien<\/h2>\t\t\t\t<\/div>\n\t\t\t\t<\/div>\n\t\t\t\t<div class=\"elementor-element elementor-element-1948cb19 elementor-widget elementor-widget-text-editor\" data-id=\"1948cb19\" data-element_type=\"widget\" data-widget_type=\"text-editor.default\">\n\t\t\t\t<div class=\"elementor-widget-container\">\n\t\t\t\t\t\t\t\t\tWenn Sie sich f\u00fcr die Zusammenarbeit mit uns entscheiden, k\u00f6nnen Sie sich st\u00e4ndig auf den Zugang zu hochqualitativen Stutzen und Socken verlassen, der unabh\u00e4ngig von der Sportdisziplin ist. Die f\u00fcr die Fertigung verwendeten Materialien beziehen wir ausschlie\u00dflich von bew\u00e4hrten europ\u00e4ischen Lieferanten, dazu z\u00e4hlen auch Spezialgarne, wie Prolen \u00ae Siltex AG+ mit der antibakteriellen und pilzhemmenden Wirkung. Wir ber\u00fccksichtigen auch unterschiedliche Erwartungen der Sportler und kreieren Modelle, die einer bestimmten Konstruktion bed\u00fcrfen. Alle Stutzen und Socken, die wir herstellen, erf\u00fcllen allerlei Anforderungen an Qualit\u00e4t, Sicherheit, Schutz, Komfort und Sorge um Herstellung.   \t\t\t\t\t\t\t\t<\/div>\n\t\t\t\t<\/div>\n\t\t\t\t<\/div>\n\t\t\t\t\t<\/div>\n\t\t\t\t<\/div>\n\t\t<div class=\"elementor-element elementor-element-72ab4bb4 e-flex e-con-boxed e-con e-parent\" data-id=\"72ab4bb4\" data-element_type=\"container\" data-settings=\"{&quot;background_background&quot;:&quot;classic&quot;}\">\n\t\t\t\t\t<div class=\"e-con-inner\">\n\t\t<div class=\"elementor-element elementor-element-3952f2cd e-con-full e-flex e-con e-child\" data-id=\"3952f2cd\" data-element_type=\"container\">\n\t\t\t\t<div class=\"elementor-element elementor-element-5c602a0c elementor-invisible elementor-widget elementor-widget-heading\" data-id=\"5c602a0c\" data-element_type=\"widget\" data-settings=\"{&quot;_animation&quot;:&quot;fadeInUp&quot;}\" data-widget_type=\"heading.default\">\n\t\t\t\t<div class=\"elementor-widget-container\">\n\t\t\t\t\t<h2 class=\"elementor-heading-title elementor-size-default\">Modernes Kennzeichnungsverfahren<\/h2>\t\t\t\t<\/div>\n\t\t\t\t<\/div>\n\t\t\t\t<div class=\"elementor-element elementor-element-48b6e7ed elementor-widget elementor-widget-text-editor\" data-id=\"48b6e7ed\" data-element_type=\"widget\" data-widget_type=\"text-editor.default\">\n\t\t\t\t<div class=\"elementor-widget-container\">\n\t\t\t\t\t\t\t\t\t<p>Unser Kennzeichnungsverfahren wirkt sich auf keinerlei Weise auf den Tragekomfort unserer Socken aus. Das Logo wird in die Socke im Laufe ihrer Herstellung \u201ehineingearbeitet\u201d oder im Sublimationsverfahren gedruckt. Dadurch ist seine Struktur mit dem gesamten Stutzen identisch. <\/p>\t\t\t\t\t\t\t\t<\/div>\n\t\t\t\t<\/div>\n\t\t\t\t<\/div>\n\t\t<div class=\"elementor-element elementor-element-35f2f4cc e-con-full e-flex e-con e-child\" data-id=\"35f2f4cc\" data-element_type=\"container\">\n\t\t\t\t<div class=\"elementor-element elementor-element-63f71ab2 elementor-widget elementor-widget-image\" data-id=\"63f71ab2\" data-element_type=\"widget\" data-settings=\"{&quot;motion_fx_motion_fx_scrolling&quot;:&quot;yes&quot;,&quot;motion_fx_translateY_effect&quot;:&quot;yes&quot;,&quot;motion_fx_translateY_speed&quot;:{&quot;unit&quot;:&quot;px&quot;,&quot;size&quot;:1.1,&quot;sizes&quot;:[]},&quot;motion_fx_translateY_affectedRange&quot;:{&quot;unit&quot;:&quot;%&quot;,&quot;size&quot;:&quot;&quot;,&quot;sizes&quot;:{&quot;start&quot;:0,&quot;end&quot;:100}},&quot;motion_fx_devices&quot;:[&quot;desktop&quot;,&quot;tablet&quot;,&quot;mobile&quot;]}\" data-widget_type=\"image.default\">\n\t\t\t\t<div class=\"elementor-widget-container\">\n\t\t\t\t\t\t\t\t\t\t\t\t\t\t\t<img decoding=\"async\" width=\"800\" height=\"798\" src=\"https:\/\/iskierka.pl\/wp-content\/uploads\/2025\/06\/personalizacja2-1024x1022.jpeg\" class=\"attachment-large size-large wp-image-773\" alt=\"\" srcset=\"https:\/\/iskierka.pl\/wp-content\/uploads\/2025\/06\/personalizacja2-1024x1022.jpeg 1024w, https:\/\/iskierka.pl\/wp-content\/uploads\/2025\/06\/personalizacja2-300x300.jpeg 300w, https:\/\/iskierka.pl\/wp-content\/uploads\/2025\/06\/personalizacja2-150x150.jpeg 150w, https:\/\/iskierka.pl\/wp-content\/uploads\/2025\/06\/personalizacja2-768x767.jpeg 768w, https:\/\/iskierka.pl\/wp-content\/uploads\/2025\/06\/personalizacja2.jpeg 1026w\" sizes=\"(max-width: 800px) 100vw, 800px\" \/>\t\t\t\t\t\t\t\t\t\t\t\t\t\t\t<\/div>\n\t\t\t\t<\/div>\n\t\t\t\t<\/div>\n\t\t\t\t\t<\/div>\n\t\t\t\t<\/div>\n\t\t<div class=\"elementor-element elementor-element-685aec5 e-flex e-con-boxed e-con e-parent\" data-id=\"685aec5\" data-element_type=\"container\">\n\t\t\t\t\t<div class=\"e-con-inner\">\n\t\t<div class=\"elementor-element elementor-element-987cb4b e-con-full e-flex e-con e-child\" data-id=\"987cb4b\" data-element_type=\"container\">\n\t\t\t\t<div class=\"elementor-element elementor-element-4abcbbb elementor-widget elementor-widget-image\" data-id=\"4abcbbb\" data-element_type=\"widget\" data-settings=\"{&quot;motion_fx_motion_fx_scrolling&quot;:&quot;yes&quot;,&quot;motion_fx_translateY_effect&quot;:&quot;yes&quot;,&quot;motion_fx_translateY_speed&quot;:{&quot;unit&quot;:&quot;px&quot;,&quot;size&quot;:1.1,&quot;sizes&quot;:[]},&quot;motion_fx_translateY_affectedRange&quot;:{&quot;unit&quot;:&quot;%&quot;,&quot;size&quot;:&quot;&quot;,&quot;sizes&quot;:{&quot;start&quot;:0,&quot;end&quot;:100}},&quot;motion_fx_devices&quot;:[&quot;desktop&quot;,&quot;tablet&quot;,&quot;mobile&quot;]}\" data-widget_type=\"image.default\">\n\t\t\t\t<div class=\"elementor-widget-container\">\n\t\t\t\t\t\t\t\t\t\t\t\t\t\t\t<img decoding=\"async\" width=\"800\" height=\"800\" src=\"https:\/\/iskierka.pl\/wp-content\/uploads\/2025\/06\/personalizacja3.jpeg\" class=\"attachment-large size-large wp-image-776\" alt=\"\" srcset=\"https:\/\/iskierka.pl\/wp-content\/uploads\/2025\/06\/personalizacja3.jpeg 1024w, https:\/\/iskierka.pl\/wp-content\/uploads\/2025\/06\/personalizacja3-300x300.jpeg 300w, https:\/\/iskierka.pl\/wp-content\/uploads\/2025\/06\/personalizacja3-150x150.jpeg 150w, https:\/\/iskierka.pl\/wp-content\/uploads\/2025\/06\/personalizacja3-768x768.jpeg 768w\" sizes=\"(max-width: 800px) 100vw, 800px\" \/>\t\t\t\t\t\t\t\t\t\t\t\t\t\t\t<\/div>\n\t\t\t\t<\/div>\n\t\t\t\t<\/div>\n\t\t<div class=\"elementor-element elementor-element-9d3dafc e-con-full e-flex e-con e-child\" data-id=\"9d3dafc\" data-element_type=\"container\">\n\t\t\t\t<div class=\"elementor-element elementor-element-e5a8eb4 elementor-invisible elementor-widget elementor-widget-heading\" data-id=\"e5a8eb4\" data-element_type=\"widget\" data-settings=\"{&quot;_animation&quot;:&quot;fadeInUp&quot;}\" data-widget_type=\"heading.default\">\n\t\t\t\t<div class=\"elementor-widget-container\">\n\t\t\t\t\t<h2 class=\"elementor-heading-title elementor-size-default\">Ma\u00dfgeschneiderte Produkte<\/h2>\t\t\t\t<\/div>\n\t\t\t\t<\/div>\n\t\t\t\t<div class=\"elementor-element elementor-element-a6d0acc elementor-widget elementor-widget-text-editor\" data-id=\"a6d0acc\" data-element_type=\"widget\" data-widget_type=\"text-editor.default\">\n\t\t\t\t<div class=\"elementor-widget-container\">\n\t\t\t\t\t\t\t\t\t<p>Die Gr\u00f6\u00dfen von Stutzen und Socken passen wir an die Kennzeichnung der Gr\u00f6\u00dfen an, die sich der Kunde w\u00fcnscht. Unser Kunde hat auch die M\u00f6glichkeit, die Herstellung von Socken und Stutzen nach von uns eingesetzten Gr\u00f6\u00dfentabellen in Auftrag zu geben, die f\u00fcr den bestimmten Absatzmarkt nach dem nachstehenden Muster einschl\u00e4gig sind. <\/p><p>Wir bieten auch das Verpacken von Produkten nach den Kundenanforderungen und nach seiner Graphik an. Im Rahmen unserer Leistung verpacken wir unsere Produkte maschinell in Kleinkartons. <\/p>\t\t\t\t\t\t\t\t<\/div>\n\t\t\t\t<\/div>\n\t\t\t\t<\/div>\n\t\t\t\t\t<\/div>\n\t\t\t\t<\/div>\n\t\t<div class=\"elementor-element elementor-element-51368f e-flex e-con-boxed e-con e-parent\" data-id=\"51368f\" data-element_type=\"container\" data-settings=\"{&quot;background_background&quot;:&quot;classic&quot;,&quot;shape_divider_top&quot;:&quot;wave-brush&quot;}\">\n\t\t\t\t\t<div class=\"e-con-inner\">\n\t\t\t\t<div class=\"elementor-shape elementor-shape-top\" aria-hidden=\"true\" data-negative=\"false\">\n\t\t\t<svg xmlns=\"http:\/\/www.w3.org\/2000\/svg\" viewBox=\"0 0 283.5 27.8\" preserveAspectRatio=\"none\">\n\t<path class=\"elementor-shape-fill\" d=\"M283.5,9.7c0,0-7.3,4.3-14,4.6c-6.8,0.3-12.6,0-20.9-1.5c-11.3-2-33.1-10.1-44.7-5.7\ts-12.1,4.6-18,7.4c-6.6,3.2-20,9.6-36.6,9.3C131.6,23.5,99.5,7.2,86.3,8c-1.4,0.1-6.6,0.8-10.5,2c-3.8,1.2-9.4,3.8-17,4.7\tc-3.2,0.4-8.3,1.1-14.2,0.9c-1.5-0.1-6.3-0.4-12-1.6c-5.7-1.2-11-3.1-15.8-3.7C6.5,9.2,0,10.8,0,10.8V0h283.5V9.7z M260.8,11.3\tc-0.7-1-2-0.4-4.3-0.4c-2.3,0-6.1-1.2-5.8-1.1c0.3,0.1,3.1,1.5,6,1.9C259.7,12.2,261.4,12.3,260.8,11.3z M242.4,8.6\tc0,0-2.4-0.2-5.6-0.9c-3.2-0.8-10.3-2.8-15.1-3.5c-8.2-1.1-15.8,0-15.1,0.1c0.8,0.1,9.6-0.6,17.6,1.1c3.3,0.7,9.3,2.2,12.4,2.7\tC239.9,8.7,242.4,8.6,242.4,8.6z M185.2,8.5c1.7-0.7-13.3,4.7-18.5,6.1c-2.1,0.6-6.2,1.6-10,2c-3.9,0.4-8.9,0.4-8.8,0.5\tc0,0.2,5.8,0.8,11.2,0c5.4-0.8,5.2-1.1,7.6-1.6C170.5,14.7,183.5,9.2,185.2,8.5z M199.1,6.9c0.2,0-0.8-0.4-4.8,1.1\tc-4,1.5-6.7,3.5-6.9,3.7c-0.2,0.1,3.5-1.8,6.6-3C197,7.5,199,6.9,199.1,6.9z M283,6c-0.1,0.1-1.9,1.1-4.8,2.5s-6.9,2.8-6.7,2.7\tc0.2,0,3.5-0.6,7.4-2.5C282.8,6.8,283.1,5.9,283,6z M31.3,11.6c0.1-0.2-1.9-0.2-4.5-1.2s-5.4-1.6-7.8-2C15,7.6,7.3,8.5,7.7,8.6\tC8,8.7,15.9,8.3,20.2,9.3c2.2,0.5,2.4,0.5,5.7,1.6S31.2,11.9,31.3,11.6z M73,9.2c0.4-0.1,3.5-1.6,8.4-2.6c4.9-1.1,8.9-0.5,8.9-0.8\tc0-0.3-1-0.9-6.2-0.3S72.6,9.3,73,9.2z M71.6,6.7C71.8,6.8,75,5.4,77.3,5c2.3-0.3,1.9-0.5,1.9-0.6c0-0.1-1.1-0.2-2.7,0.2\tC74.8,5.1,71.4,6.6,71.6,6.7z M93.6,4.4c0.1,0.2,3.5,0.8,5.6,1.8c2.1,1,1.8,0.6,1.9,0.5c0.1-0.1-0.8-0.8-2.4-1.3\tC97.1,4.8,93.5,4.2,93.6,4.4z M65.4,11.1c-0.1,0.3,0.3,0.5,1.9-0.2s2.6-1.3,2.2-1.2s-0.9,0.4-2.5,0.8C65.3,10.9,65.5,10.8,65.4,11.1\tz M34.5,12.4c-0.2,0,2.1,0.8,3.3,0.9c1.2,0.1,2,0.1,2-0.2c0-0.3-0.1-0.5-1.6-0.4C36.6,12.8,34.7,12.4,34.5,12.4z M152.2,21.1\tc-0.1,0.1-2.4-0.3-7.5-0.3c-5,0-13.6-2.4-17.2-3.5c-3.6-1.1,10,3.9,16.5,4.1C150.5,21.6,152.3,21,152.2,21.1z\"\/>\n\t<path class=\"elementor-shape-fill\" d=\"M269.6,18c-0.1-0.1-4.6,0.3-7.2,0c-7.3-0.7-17-3.2-16.6-2.9c0.4,0.3,13.7,3.1,17,3.3\tC267.7,18.8,269.7,18,269.6,18z\"\/>\n\t<path class=\"elementor-shape-fill\" d=\"M227.4,9.8c-0.2-0.1-4.5-1-9.5-1.2c-5-0.2-12.7,0.6-12.3,0.5c0.3-0.1,5.9-1.8,13.3-1.2\tS227.6,9.9,227.4,9.8z\"\/>\n\t<path class=\"elementor-shape-fill\" d=\"M204.5,13.4c-0.1-0.1,2-1,3.2-1.1c1.2-0.1,2,0,2,0.3c0,0.3-0.1,0.5-1.6,0.4\tC206.4,12.9,204.6,13.5,204.5,13.4z\"\/>\n\t<path class=\"elementor-shape-fill\" d=\"M201,10.6c0-0.1-4.4,1.2-6.3,2.2c-1.9,0.9-6.2,3.1-6.1,3.1c0.1,0.1,4.2-1.6,6.3-2.6\tS201,10.7,201,10.6z\"\/>\n\t<path class=\"elementor-shape-fill\" d=\"M154.5,26.7c-0.1-0.1-4.6,0.3-7.2,0c-7.3-0.7-17-3.2-16.6-2.9c0.4,0.3,13.7,3.1,17,3.3\tC152.6,27.5,154.6,26.8,154.5,26.7z\"\/>\n\t<path class=\"elementor-shape-fill\" d=\"M41.9,19.3c0,0,1.2-0.3,2.9-0.1c1.7,0.2,5.8,0.9,8.2,0.7c4.2-0.4,7.4-2.7,7-2.6\tc-0.4,0-4.3,2.2-8.6,1.9c-1.8-0.1-5.1-0.5-6.7-0.4S41.9,19.3,41.9,19.3z\"\/>\n\t<path class=\"elementor-shape-fill\" d=\"M75.5,12.6c0.2,0.1,2-0.8,4.3-1.1c2.3-0.2,2.1-0.3,2.1-0.5c0-0.1-1.8-0.4-3.4,0\tC76.9,11.5,75.3,12.5,75.5,12.6z\"\/>\n\t<path class=\"elementor-shape-fill\" d=\"M15.6,13.2c0-0.1,4.3,0,6.7,0.5c2.4,0.5,5,1.9,5,2c0,0.1-2.7-0.8-5.1-1.4\tC19.9,13.7,15.7,13.3,15.6,13.2z\"\/>\n<\/svg>\t\t<\/div>\n\t\t\t\t<div class=\"elementor-element elementor-element-6145afec elementor-widget elementor-widget-spacer\" data-id=\"6145afec\" data-element_type=\"widget\" data-widget_type=\"spacer.default\">\n\t\t\t\t<div class=\"elementor-widget-container\">\n\t\t\t\t\t\t\t<div class=\"elementor-spacer\">\n\t\t\t<div class=\"elementor-spacer-inner\"><\/div>\n\t\t<\/div>\n\t\t\t\t\t\t<\/div>\n\t\t\t\t<\/div>\n\t\t\t\t\t<\/div>\n\t\t\t\t<\/div>\n\t\t\t\t<\/div>\n\t\t","protected":false},"excerpt":{"rendered":"<p>Personalisierung Iskierka &#8211; Genauso, wie Sie es brauchen Wir produzieren Stutzen und Sportsocken f\u00fcr Sportvereine, Sportakademien, Bekleidungsmarken, Ketten von Sportfachh\u00e4ndlern, Schulen, in denen Uniformen getragen werden, auch f\u00fcr Firmen, die nach ungew\u00f6hnlichen Werbegadgets suchen. Darauf k\u00f6nnen wir Ihr Logo oder ein anderes Zeichen in einer Sonderform bzw. Sondergr\u00f6\u00dfe unterbringen. Zur Verf\u00fcgung steht uns eine reichhaltige [&hellip;]<\/p>\n","protected":false},"author":1,"featured_media":0,"parent":0,"menu_order":0,"comment_status":"closed","ping_status":"closed","template":"elementor_header_footer","meta":{"_monsterinsights_skip_tracking":false,"_monsterinsights_sitenote_active":false,"_monsterinsights_sitenote_note":"","_monsterinsights_sitenote_category":0,"footnotes":""},"class_list":["post-898","page","type-page","status-publish","hentry"],"_links":{"self":[{"href":"https:\/\/iskierka.pl\/de\/wp-json\/wp\/v2\/pages\/898","targetHints":{"allow":["GET"]}}],"collection":[{"href":"https:\/\/iskierka.pl\/de\/wp-json\/wp\/v2\/pages"}],"about":[{"href":"https:\/\/iskierka.pl\/de\/wp-json\/wp\/v2\/types\/page"}],"author":[{"embeddable":true,"href":"https:\/\/iskierka.pl\/de\/wp-json\/wp\/v2\/users\/1"}],"replies":[{"embeddable":true,"href":"https:\/\/iskierka.pl\/de\/wp-json\/wp\/v2\/comments?post=898"}],"version-history":[{"count":1,"href":"https:\/\/iskierka.pl\/de\/wp-json\/wp\/v2\/pages\/898\/revisions"}],"predecessor-version":[{"id":899,"href":"https:\/\/iskierka.pl\/de\/wp-json\/wp\/v2\/pages\/898\/revisions\/899"}],"wp:attachment":[{"href":"https:\/\/iskierka.pl\/de\/wp-json\/wp\/v2\/media?parent=898"}],"curies":[{"name":"wp","href":"https:\/\/api.w.org\/{rel}","templated":true}]}}